{"id":3617,"date":"2023-03-09T09:41:35","date_gmt":"2023-03-09T09:41:35","guid":{"rendered":"https:\/\/wordpress-develop.sylq.io\/nos-produits\/"},"modified":"2023-03-21T14:37:14","modified_gmt":"2023-03-21T14:37:14","slug":"nos-produits","status":"publish","type":"page","link":"https:\/\/wordpress-develop.sylq.io\/fr\/nos-produits\/","title":{"rendered":"Nos produits"},"content":{"rendered":"\t\t<div data-elementor-type=\"wp-page\" data-elementor-id=\"3617\" class=\"elementor elementor-3617 elementor-2747\">\n\t\t\t\t\t\t\t\t\t<section class=\"elementor-section elementor-top-section elementor-element elementor-element-f8cd300 elementor-section-boxed elementor-section-height-default elementor-section-height-default\" data-id=\"f8cd300\" data-element_type=\"section\" data-settings=\"{&quot;jet_parallax_layout_list&quot;:[]}\">\n\t\t\t\t\t\t<div class=\"elementor-container elementor-column-gap-no\">\n\t\t\t\t\t<div class=\"elementor-column elementor-col-100 elementor-top-column elementor-element elementor-element-107f7d9\" data-id=\"107f7d9\" data-element_type=\"column\">\n\t\t\t<div class=\"elementor-widget-wrap elementor-element-populated\">\n\t\t\t\t\t\t\t\t<div class=\"elementor-element elementor-element-9f506ee elementor-widget__width-initial elementor-invisible elementor-widget elementor-widget-heading\" data-id=\"9f506ee\" data-element_type=\"widget\" data-settings=\"{&quot;_animation&quot;:&quot;fadeInUp&quot;}\" data-widget_type=\"heading.default\">\n\t\t\t\t<div class=\"elementor-widget-container\">\n\t\t\t<style>\/*! elementor - v3.13.3 - 28-05-2023 *\/\n.elementor-heading-title{padding:0;margin:0;line-height:1}.elementor-widget-heading .elementor-heading-title[class*=elementor-size-]>a{color:inherit;font-size:inherit;line-height:inherit}.elementor-widget-heading .elementor-heading-title.elementor-size-small{font-size:15px}.elementor-widget-heading .elementor-heading-title.elementor-size-medium{font-size:19px}.elementor-widget-heading .elementor-heading-title.elementor-size-large{font-size:29px}.elementor-widget-heading .elementor-heading-title.elementor-size-xl{font-size:39px}.elementor-widget-heading .elementor-heading-title.elementor-size-xxl{font-size:59px}<\/style><p class=\"elementor-heading-title elementor-size-default\">Consultez notre <span class=\"highlight\">gamme de produits<\/span><\/p>\t\t<\/div>\n\t\t\t\t<\/div>\n\t\t\t\t\t<\/div>\n\t\t<\/div>\n\t\t\t\t\t\t\t<\/div>\n\t\t<\/section>\n\t\t\t\t<section class=\"elementor-section elementor-top-section elementor-element elementor-element-5fb9948 elementor-section-full_width elementor-section-height-default elementor-section-height-default\" data-id=\"5fb9948\" data-element_type=\"section\" data-settings=\"{&quot;jet_parallax_layout_list&quot;:[]}\">\n\t\t\t\t\t\t<div class=\"elementor-container elementor-column-gap-no\">\n\t\t\t\t\t<div class=\"elementor-column elementor-col-100 elementor-top-column elementor-element elementor-element-22e1eab\" data-id=\"22e1eab\" data-element_type=\"column\">\n\t\t\t<div class=\"elementor-widget-wrap elementor-element-populated\">\n\t\t\t\t\t\t\t\t<section class=\"elementor-section elementor-inner-section elementor-element elementor-element-335c818 elementor-section-boxed elementor-section-height-default elementor-section-height-default\" data-id=\"335c818\" data-element_type=\"section\" data-settings=\"{&quot;jet_parallax_layout_list&quot;:[]}\">\n\t\t\t\t\t\t<div class=\"elementor-container elementor-column-gap-no\">\n\t\t\t\t\t<div class=\"elementor-column elementor-col-100 elementor-inner-column elementor-element elementor-element-5af98c8\" data-id=\"5af98c8\" data-element_type=\"column\">\n\t\t\t<div class=\"elementor-widget-wrap elementor-element-populated\">\n\t\t\t\t\t\t\t\t<div class=\"elementor-element elementor-element-26bfa0a elementor-cta--layout-image-above elementor-cta--skin-classic elementor-animated-content elementor-bg-transform elementor-bg-transform-zoom-in elementor-widget elementor-widget-call-to-action\" data-id=\"26bfa0a\" data-element_type=\"widget\" data-widget_type=\"call-to-action.default\">\n\t\t\t\t<div class=\"elementor-widget-container\">\n\t\t\t<link rel=\"stylesheet\" href=\"https:\/\/wordpress-develop.sylq.io\/wp-content\/plugins\/elementor-pro\/assets\/css\/widget-call-to-action.min.css\">\t\t<div class=\"elementor-cta\">\n\t\t\t\t\t<div class=\"elementor-cta__bg-wrapper\">\n\t\t\t\t<div class=\"elementor-cta__bg elementor-bg\" style=\"background-image: url(https:\/\/wordpress-develop.sylq.io\/wp-content\/uploads\/2023\/02\/pax-bw-1.jpg);\"><\/div>\n\t\t\t\t<div class=\"elementor-cta__bg-overlay\"><\/div>\n\t\t\t<\/div>\n\t\t\t\t\t\t\t<div class=\"elementor-cta__content\">\n\t\t\t\t\n\t\t\t\t<h2 class=\"elementor-cta__title elementor-cta__content-item elementor-content-item\">Terminal de paiement<\/h2>\n\t\t\t\t\t\t\t\t\t<div class=\"elementor-cta__description elementor-cta__content-item elementor-content-item\">\n\t\t\t\t\t\t<p>Traitez en toute transparence des transactions de paiement s\u00e9curis\u00e9es gr\u00e2ce \u00e0 nos terminaux de paiement. Con\u00e7u pour toute entreprise.<\/p>\n\t\t\t\t\t<\/div>\n\t\t\t\t\n\t\t\t\t\t\t\t\t\t<div class=\"elementor-cta__button-wrapper elementor-cta__content-item elementor-content-item \">\n\t\t\t\t\t<a class=\"elementor-cta__button elementor-button elementor-size-sm\" href=\"https:\/\/wordpress-develop.sylq.io\/fr\/terminal-de-paiement\/\">\n\t\t\t\t\t\tPage produit\t\t\t\t\t<\/a>\n\t\t\t\t\t<\/div>\n\t\t\t\t\t\t\t<\/div>\n\t\t\t\t\t\t<\/div>\n\t\t\t\t<\/div>\n\t\t\t\t<\/div>\n\t\t\t\t<div class=\"elementor-element elementor-element-cc47097 elementor-cta--layout-image-above elementor-cta--skin-classic elementor-animated-content elementor-bg-transform elementor-bg-transform-zoom-in elementor-widget elementor-widget-call-to-action\" data-id=\"cc47097\" data-element_type=\"widget\" data-widget_type=\"call-to-action.default\">\n\t\t\t\t<div class=\"elementor-widget-container\">\n\t\t\t\t\t<div class=\"elementor-cta\">\n\t\t\t\t\t<div class=\"elementor-cta__bg-wrapper\">\n\t\t\t\t<div class=\"elementor-cta__bg elementor-bg\" style=\"background-image: url(https:\/\/wordpress-develop.sylq.io\/wp-content\/uploads\/2023\/02\/crypto-tokens-1.jpg);\"><\/div>\n\t\t\t\t<div class=\"elementor-cta__bg-overlay\"><\/div>\n\t\t\t<\/div>\n\t\t\t\t\t\t\t<div class=\"elementor-cta__content\">\n\t\t\t\t\n\t\t\t\t<h2 class=\"elementor-cta__title elementor-cta__content-item elementor-content-item\">Pay by Crypto<\/h2>\n\t\t\t\t\t\t\t\t\t<div class=\"elementor-cta__description elementor-cta__content-item elementor-content-item\">\n\t\t\t\t\t\t<p> Acceptez en toute simplicit\u00e9 des paiements en cryptomonnaies et recevez les fonds en Euros. Rapide, s\u00fbr et d\u00e9centralis\u00e9, le moyen id\u00e9al pour effectuer des transactions en ligne.<\/p>\n\t\t\t\t\t<\/div>\n\t\t\t\t\n\t\t\t\t\t\t\t\t\t<div class=\"elementor-cta__button-wrapper elementor-cta__content-item elementor-content-item \">\n\t\t\t\t\t<a class=\"elementor-cta__button elementor-button elementor-size-sm\" href=\"https:\/\/wordpress-develop.sylq.io\/fr\/pay-by-crypto\/\">\n\t\t\t\t\t\tPage produit\t\t\t\t\t<\/a>\n\t\t\t\t\t<\/div>\n\t\t\t\t\t\t\t<\/div>\n\t\t\t\t\t\t<\/div>\n\t\t\t\t<\/div>\n\t\t\t\t<\/div>\n\t\t\t\t<div class=\"elementor-element elementor-element-65916cd elementor-cta--layout-image-above elementor-cta--skin-classic elementor-animated-content elementor-bg-transform elementor-bg-transform-zoom-in elementor-widget elementor-widget-call-to-action\" data-id=\"65916cd\" data-element_type=\"widget\" data-widget_type=\"call-to-action.default\">\n\t\t\t\t<div class=\"elementor-widget-container\">\n\t\t\t\t\t<div class=\"elementor-cta\">\n\t\t\t\t\t<div class=\"elementor-cta__bg-wrapper\">\n\t\t\t\t<div class=\"elementor-cta__bg elementor-bg\" style=\"background-image: url(https:\/\/wordpress-develop.sylq.io\/wp-content\/uploads\/2023\/03\/pay-by-card-1.jpg);\"><\/div>\n\t\t\t\t<div class=\"elementor-cta__bg-overlay\"><\/div>\n\t\t\t<\/div>\n\t\t\t\t\t\t\t<div class=\"elementor-cta__content\">\n\t\t\t\t\n\t\t\t\t<h2 class=\"elementor-cta__title elementor-cta__content-item elementor-content-item\">Pay by Card<\/h2>\n\t\t\t\t\t\t\t\t\t<div class=\"elementor-cta__description elementor-cta__content-item elementor-content-item\">\n\t\t\t\t\t\t<p>Acceptez les paiements faits par vos clients \u00e0 partir de leur compte bancaire. C'est rapide, pratique et sans souci.<\/p>\n\t\t\t\t\t<\/div>\n\t\t\t\t\n\t\t\t\t\t\t\t\t\t<div class=\"elementor-cta__button-wrapper elementor-cta__content-item elementor-content-item \">\n\t\t\t\t\t<a class=\"elementor-cta__button elementor-button elementor-size-sm\" href=\"https:\/\/wordpress-develop.sylq.io\/fr\/pay-by-card\/\">\n\t\t\t\t\t\tPage produit\t\t\t\t\t<\/a>\n\t\t\t\t\t<\/div>\n\t\t\t\t\t\t\t<\/div>\n\t\t\t\t\t\t<\/div>\n\t\t\t\t<\/div>\n\t\t\t\t<\/div>\n\t\t\t\t<div class=\"elementor-element elementor-element-4d35303 elementor-cta--layout-image-above elementor-cta--skin-classic elementor-animated-content elementor-bg-transform elementor-bg-transform-zoom-in elementor-widget elementor-widget-call-to-action\" data-id=\"4d35303\" data-element_type=\"widget\" data-widget_type=\"call-to-action.default\">\n\t\t\t\t<div class=\"elementor-widget-container\">\n\t\t\t\t\t<div class=\"elementor-cta\">\n\t\t\t\t\t<div class=\"elementor-cta__bg-wrapper\">\n\t\t\t\t<div class=\"elementor-cta__bg elementor-bg\" style=\"background-image: url(https:\/\/wordpress-develop.sylq.io\/wp-content\/uploads\/2023\/02\/pax-bw2-1.jpg);\"><\/div>\n\t\t\t\t<div class=\"elementor-cta__bg-overlay\"><\/div>\n\t\t\t<\/div>\n\t\t\t\t\t\t\t<div class=\"elementor-cta__content\">\n\t\t\t\t\n\t\t\t\t<h2 class=\"elementor-cta__title elementor-cta__content-item elementor-content-item\">Programme de fid\u00e9lit\u00e9<\/h2>\n\t\t\t\t\t\t\t\t\t<div class=\"elementor-cta__description elementor-cta__content-item elementor-content-item\">\n\t\t\t\t\t\t<p>Notre programme de fid\u00e9lisation r\u00e9compense les clients pour leur fid\u00e9lit\u00e9, en encourageant les achats r\u00e9p\u00e9t\u00e9s et en \u00e9tablissant de solides relations avec la client\u00e8le.<\/p>\n\t\t\t\t\t<\/div>\n\t\t\t\t\n\t\t\t\t\t\t\t\t\t<div class=\"elementor-cta__button-wrapper elementor-cta__content-item elementor-content-item \">\n\t\t\t\t\t<a class=\"elementor-cta__button elementor-button elementor-size-sm\" href=\"https:\/\/wordpress-develop.sylq.io\/fr\/solution-fidelite-client\/\">\n\t\t\t\t\t\tPage produit\t\t\t\t\t<\/a>\n\t\t\t\t\t<\/div>\n\t\t\t\t\t\t\t<\/div>\n\t\t\t\t\t\t<\/div>\n\t\t\t\t<\/div>\n\t\t\t\t<\/div>\n\t\t\t\t<div class=\"elementor-element elementor-element-14b3ed3 elementor-cta--layout-image-above elementor-cta--skin-classic elementor-animated-content elementor-bg-transform elementor-bg-transform-zoom-in elementor-widget elementor-widget-call-to-action\" data-id=\"14b3ed3\" data-element_type=\"widget\" data-widget_type=\"call-to-action.default\">\n\t\t\t\t<div class=\"elementor-widget-container\">\n\t\t\t\t\t<div class=\"elementor-cta\">\n\t\t\t\t\t<div class=\"elementor-cta__bg-wrapper\">\n\t\t\t\t<div class=\"elementor-cta__bg elementor-bg\" style=\"background-image: url(https:\/\/wordpress-develop.sylq.io\/wp-content\/uploads\/2023\/03\/pay-by-banks-1.jpg);\"><\/div>\n\t\t\t\t<div class=\"elementor-cta__bg-overlay\"><\/div>\n\t\t\t<\/div>\n\t\t\t\t\t\t\t<div class=\"elementor-cta__content\">\n\t\t\t\t\n\t\t\t\t<h2 class=\"elementor-cta__title elementor-cta__content-item elementor-content-item\">Pay by Bank<\/h2>\n\t\t\t\t\t\t\t\t\t<div class=\"elementor-cta__description elementor-cta__content-item elementor-content-item\">\n\t\t\t\t\t\t<p>Acceptez les paiements directement \u00e0 partir du compte bancaire. L'Open banking permet des virements bancaires illimit\u00e9s, plus s\u00fbrs et moins co\u00fbteux que les paiements par carte.<\/p>\n\t\t\t\t\t<\/div>\n\t\t\t\t\n\t\t\t\t\t\t\t\t\t<div class=\"elementor-cta__button-wrapper elementor-cta__content-item elementor-content-item \">\n\t\t\t\t\t<a class=\"elementor-cta__button elementor-button elementor-size-sm\" href=\"https:\/\/wordpress-develop.sylq.io\/fr\/pay-by-bank\/\">\n\t\t\t\t\t\tPage produit\t\t\t\t\t<\/a>\n\t\t\t\t\t<\/div>\n\t\t\t\t\t\t\t<\/div>\n\t\t\t\t\t\t<\/div>\n\t\t\t\t<\/div>\n\t\t\t\t<\/div>\n\t\t\t\t<div class=\"elementor-element elementor-element-16d7150 elementor-cta--layout-image-above elementor-cta--skin-classic elementor-animated-content elementor-bg-transform elementor-bg-transform-zoom-in elementor-widget elementor-widget-call-to-action\" data-id=\"16d7150\" data-element_type=\"widget\" data-widget_type=\"call-to-action.default\">\n\t\t\t\t<div class=\"elementor-widget-container\">\n\t\t\t\t\t<div class=\"elementor-cta\">\n\t\t\t\t\t<div class=\"elementor-cta__bg-wrapper\">\n\t\t\t\t<div class=\"elementor-cta__bg elementor-bg\" style=\"background-image: url(https:\/\/wordpress-develop.sylq.io\/wp-content\/uploads\/2023\/03\/concentrated-call-center-agent-talking-with-customer-while-working-office-1-1.jpg);\"><\/div>\n\t\t\t\t<div class=\"elementor-cta__bg-overlay\"><\/div>\n\t\t\t<\/div>\n\t\t\t\t\t\t\t<div class=\"elementor-cta__content\">\n\t\t\t\t\n\t\t\t\t<h2 class=\"elementor-cta__title elementor-cta__content-item elementor-content-item\">Assistance 24\/7 et maintenance<\/h2>\n\t\t\t\t\t\t\t\t\t<div class=\"elementor-cta__description elementor-cta__content-item elementor-content-item\">\n\t\t\t\t\t\t<p>Notre \u00e9quipe d'assistance est disponible 24\/7 pour vous aider \u00e0 r\u00e9soudre vos probl\u00e8mes ou \u00e0 r\u00e9pondre \u00e0 vos questions. Nous sommes disponibles \u00e0 tout moment.<\/p>\n\t\t\t\t\t<\/div>\n\t\t\t\t\n\t\t\t\t\t\t\t\t\t<div class=\"elementor-cta__button-wrapper elementor-cta__content-item elementor-content-item \">\n\t\t\t\t\t<a class=\"elementor-cta__button elementor-button elementor-size-sm\" href=\"https:\/\/wordpress-develop.sylq.io\/fr\/assistance-maintenance\/\">\n\t\t\t\t\t\tPage produit\t\t\t\t\t<\/a>\n\t\t\t\t\t<\/div>\n\t\t\t\t\t\t\t<\/div>\n\t\t\t\t\t\t<\/div>\n\t\t\t\t<\/div>\n\t\t\t\t<\/div>\n\t\t\t\t\t<\/div>\n\t\t<\/div>\n\t\t\t\t\t\t\t<\/div>\n\t\t<\/section>\n\t\t\t\t\t<\/div>\n\t\t<\/div>\n\t\t\t\t\t\t\t<\/div>\n\t\t<\/section>\n\t\t\t\t\t\t\t<\/div>\n\t\t","protected":false},"excerpt":{"rendered":"<p>Consultez notre gamme de produits Terminal de paiement Traitez en toute transparence des transactions de paiement s\u00e9curis\u00e9es gr\u00e2ce \u00e0 nos terminaux de paiement. Con\u00e7u pour toute entreprise. Page produit Pay by Crypto Acceptez en toute simplicit\u00e9 des paiements en cryptomonnaies et recevez les fonds en Euros. Rapide, s\u00fbr et d\u00e9centralis\u00e9, le moyen id\u00e9al pour effectuer [&hellip;]<\/p>\n","protected":false},"author":4,"featured_media":3127,"parent":0,"menu_order":0,"comment_status":"closed","ping_status":"closed","template":"elementor_header_footer","meta":{"content-type":"","footnotes":""},"class_list":["post-3617","page","type-page","status-publish","has-post-thumbnail","hentry"],"yoast_head":"<!-- This site is optimized with the Yoast SEO plugin v20.8 - https:\/\/yoast.com\/wordpress\/plugins\/seo\/ -->\n<title>Nos produits &ndash; Sylq<\/title>\n<meta name=\"robots\" content=\"index, follow, max-snippet:-1, max-image-preview:large, max-video-preview:-1\" \/>\n<link rel=\"canonical\" href=\"https:\/\/wordpress-develop.sylq.io\/fr\/nos-produits\/\" \/>\n<meta property=\"og:locale\" content=\"fr_FR\" \/>\n<meta property=\"og:type\" content=\"article\" \/>\n<meta property=\"og:title\" content=\"Nos produits &ndash; Sylq\" \/>\n<meta property=\"og:description\" content=\"Consultez notre gamme de produits Terminal de paiement Traitez en toute transparence des transactions de paiement s\u00e9curis\u00e9es gr\u00e2ce \u00e0 nos terminaux de paiement. Con\u00e7u pour toute entreprise. Page produit Pay by Crypto Acceptez en toute simplicit\u00e9 des paiements en cryptomonnaies et recevez les fonds en Euros. Rapide, s\u00fbr et d\u00e9centralis\u00e9, le moyen id\u00e9al pour effectuer [&hellip;]\" \/>\n<meta property=\"og:url\" content=\"https:\/\/wordpress-develop.sylq.io\/fr\/nos-produits\/\" \/>\n<meta property=\"og:site_name\" content=\"Sylq\" \/>\n<meta property=\"article:modified_time\" content=\"2023-03-21T14:37:14+00:00\" \/>\n<meta property=\"og:image\" content=\"https:\/\/wordpress-develop.sylq.io\/wp-content\/uploads\/2023\/03\/Sylq-Image02.jpg\" \/>\n\t<meta property=\"og:image:width\" content=\"1200\" \/>\n\t<meta property=\"og:image:height\" content=\"628\" \/>\n\t<meta property=\"og:image:type\" content=\"image\/jpeg\" \/>\n<meta name=\"twitter:card\" content=\"summary_large_image\" \/>\n<meta name=\"twitter:label1\" content=\"Dur\u00e9e de lecture estim\u00e9e\" \/>\n\t<meta name=\"twitter:data1\" content=\"1 minute\" \/>\n<script type=\"application\/ld+json\" class=\"yoast-schema-graph\">{\"@context\":\"https:\/\/schema.org\",\"@graph\":[{\"@type\":\"WebPage\",\"@id\":\"https:\/\/wordpress-develop.sylq.io\/fr\/nos-produits\/\",\"url\":\"https:\/\/wordpress-develop.sylq.io\/fr\/nos-produits\/\",\"name\":\"Nos produits &ndash; Sylq\",\"isPartOf\":{\"@id\":\"https:\/\/wordpress-develop.sylq.io\/fr\/#website\"},\"datePublished\":\"2023-03-09T09:41:35+00:00\",\"dateModified\":\"2023-03-21T14:37:14+00:00\",\"breadcrumb\":{\"@id\":\"https:\/\/wordpress-develop.sylq.io\/fr\/nos-produits\/#breadcrumb\"},\"inLanguage\":\"fr-FR\",\"potentialAction\":[{\"@type\":\"ReadAction\",\"target\":[\"https:\/\/wordpress-develop.sylq.io\/fr\/nos-produits\/\"]}]},{\"@type\":\"BreadcrumbList\",\"@id\":\"https:\/\/wordpress-develop.sylq.io\/fr\/nos-produits\/#breadcrumb\",\"itemListElement\":[{\"@type\":\"ListItem\",\"position\":1,\"name\":\"Home\",\"item\":\"https:\/\/wordpress-develop.sylq.io\/fr\/\"},{\"@type\":\"ListItem\",\"position\":2,\"name\":\"Nos produits\"}]},{\"@type\":\"WebSite\",\"@id\":\"https:\/\/wordpress-develop.sylq.io\/fr\/#website\",\"url\":\"https:\/\/wordpress-develop.sylq.io\/fr\/\",\"name\":\"Sylq\",\"description\":\"Payment Solutions for Merchants\",\"publisher\":{\"@id\":\"https:\/\/wordpress-develop.sylq.io\/fr\/#organization\"},\"potentialAction\":[{\"@type\":\"SearchAction\",\"target\":{\"@type\":\"EntryPoint\",\"urlTemplate\":\"https:\/\/wordpress-develop.sylq.io\/fr\/?s={search_term_string}\"},\"query-input\":\"required name=search_term_string\"}],\"inLanguage\":\"fr-FR\"},{\"@type\":\"Organization\",\"@id\":\"https:\/\/wordpress-develop.sylq.io\/fr\/#organization\",\"name\":\"Sylq\",\"url\":\"https:\/\/wordpress-develop.sylq.io\/fr\/\",\"logo\":{\"@type\":\"ImageObject\",\"inLanguage\":\"fr-FR\",\"@id\":\"https:\/\/wordpress-develop.sylq.io\/fr\/#\/schema\/logo\/image\/\",\"url\":\"https:\/\/wordpress-develop.sylq.io\/wp-content\/uploads\/2023\/01\/cropped-logo-font-1.png\",\"contentUrl\":\"https:\/\/wordpress-develop.sylq.io\/wp-content\/uploads\/2023\/01\/cropped-logo-font-1.png\",\"width\":460,\"height\":230,\"caption\":\"Sylq\"},\"image\":{\"@id\":\"https:\/\/wordpress-develop.sylq.io\/fr\/#\/schema\/logo\/image\/\"}}]}<\/script>\n<!-- \/ Yoast SEO plugin. -->","yoast_head_json":{"title":"Nos produits &ndash; Sylq","robots":{"index":"index","follow":"follow","max-snippet":"max-snippet:-1","max-image-preview":"max-image-preview:large","max-video-preview":"max-video-preview:-1"},"canonical":"https:\/\/wordpress-develop.sylq.io\/fr\/nos-produits\/","og_locale":"fr_FR","og_type":"article","og_title":"Nos produits &ndash; Sylq","og_description":"Consultez notre gamme de produits Terminal de paiement Traitez en toute transparence des transactions de paiement s\u00e9curis\u00e9es gr\u00e2ce \u00e0 nos terminaux de paiement. Con\u00e7u pour toute entreprise. Page produit Pay by Crypto Acceptez en toute simplicit\u00e9 des paiements en cryptomonnaies et recevez les fonds en Euros. Rapide, s\u00fbr et d\u00e9centralis\u00e9, le moyen id\u00e9al pour effectuer [&hellip;]","og_url":"https:\/\/wordpress-develop.sylq.io\/fr\/nos-produits\/","og_site_name":"Sylq","article_modified_time":"2023-03-21T14:37:14+00:00","og_image":[{"width":1200,"height":628,"url":"https:\/\/wordpress-develop.sylq.io\/wp-content\/uploads\/2023\/03\/Sylq-Image02.jpg","type":"image\/jpeg"}],"twitter_card":"summary_large_image","twitter_misc":{"Dur\u00e9e de lecture estim\u00e9e":"1 minute"},"schema":{"@context":"https:\/\/schema.org","@graph":[{"@type":"WebPage","@id":"https:\/\/wordpress-develop.sylq.io\/fr\/nos-produits\/","url":"https:\/\/wordpress-develop.sylq.io\/fr\/nos-produits\/","name":"Nos produits &ndash; Sylq","isPartOf":{"@id":"https:\/\/wordpress-develop.sylq.io\/fr\/#website"},"datePublished":"2023-03-09T09:41:35+00:00","dateModified":"2023-03-21T14:37:14+00:00","breadcrumb":{"@id":"https:\/\/wordpress-develop.sylq.io\/fr\/nos-produits\/#breadcrumb"},"inLanguage":"fr-FR","potentialAction":[{"@type":"ReadAction","target":["https:\/\/wordpress-develop.sylq.io\/fr\/nos-produits\/"]}]},{"@type":"BreadcrumbList","@id":"https:\/\/wordpress-develop.sylq.io\/fr\/nos-produits\/#breadcrumb","itemListElement":[{"@type":"ListItem","position":1,"name":"Home","item":"https:\/\/wordpress-develop.sylq.io\/fr\/"},{"@type":"ListItem","position":2,"name":"Nos produits"}]},{"@type":"WebSite","@id":"https:\/\/wordpress-develop.sylq.io\/fr\/#website","url":"https:\/\/wordpress-develop.sylq.io\/fr\/","name":"Sylq","description":"Payment Solutions for Merchants","publisher":{"@id":"https:\/\/wordpress-develop.sylq.io\/fr\/#organization"},"potentialAction":[{"@type":"SearchAction","target":{"@type":"EntryPoint","urlTemplate":"https:\/\/wordpress-develop.sylq.io\/fr\/?s={search_term_string}"},"query-input":"required name=search_term_string"}],"inLanguage":"fr-FR"},{"@type":"Organization","@id":"https:\/\/wordpress-develop.sylq.io\/fr\/#organization","name":"Sylq","url":"https:\/\/wordpress-develop.sylq.io\/fr\/","logo":{"@type":"ImageObject","inLanguage":"fr-FR","@id":"https:\/\/wordpress-develop.sylq.io\/fr\/#\/schema\/logo\/image\/","url":"https:\/\/wordpress-develop.sylq.io\/wp-content\/uploads\/2023\/01\/cropped-logo-font-1.png","contentUrl":"https:\/\/wordpress-develop.sylq.io\/wp-content\/uploads\/2023\/01\/cropped-logo-font-1.png","width":460,"height":230,"caption":"Sylq"},"image":{"@id":"https:\/\/wordpress-develop.sylq.io\/fr\/#\/schema\/logo\/image\/"}}]}},"_links":{"self":[{"href":"https:\/\/wordpress-develop.sylq.io\/fr\/wp-json\/wp\/v2\/pages\/3617","targetHints":{"allow":["GET"]}}],"collection":[{"href":"https:\/\/wordpress-develop.sylq.io\/fr\/wp-json\/wp\/v2\/pages"}],"about":[{"href":"https:\/\/wordpress-develop.sylq.io\/fr\/wp-json\/wp\/v2\/types\/page"}],"author":[{"embeddable":true,"href":"https:\/\/wordpress-develop.sylq.io\/fr\/wp-json\/wp\/v2\/users\/4"}],"replies":[{"embeddable":true,"href":"https:\/\/wordpress-develop.sylq.io\/fr\/wp-json\/wp\/v2\/comments?post=3617"}],"version-history":[{"count":0,"href":"https:\/\/wordpress-develop.sylq.io\/fr\/wp-json\/wp\/v2\/pages\/3617\/revisions"}],"wp:featuredmedia":[{"embeddable":true,"href":"https:\/\/wordpress-develop.sylq.io\/fr\/wp-json\/wp\/v2\/media\/3127"}],"wp:attachment":[{"href":"https:\/\/wordpress-develop.sylq.io\/fr\/wp-json\/wp\/v2\/media?parent=3617"}],"curies":[{"name":"wp","href":"https:\/\/api.w.org\/{rel}","templated":true}]}}